{"id":36604,"date":"2025-05-28T09:53:12","date_gmt":"2025-05-28T09:53:12","guid":{"rendered":"https:\/\/enmarcacionesviuda.com\/?page_id=36604"},"modified":"2025-05-28T09:54:20","modified_gmt":"2025-05-28T09:54:20","slug":"politica-de-privacidad","status":"publish","type":"page","link":"https:\/\/enmarcacionesviuda.com\/en\/politica-de-privacidad\/","title":{"rendered":"Pol\u00edtica de privacidad"},"content":{"rendered":"<div data-elementor-type=\"wp-page\" data-elementor-id=\"36604\" class=\"elementor elementor-36604\">\n\t\t\t\t<div class=\"elementor-element elementor-element-0f9a9b3 e-flex e-con-boxed cmsmasters-block-default e-con e-parent\" data-id=\"0f9a9b3\" data-element_type=\"container\">\n\t\t\t\t\t<div class=\"e-con-inner\">\n\t\t\t\t<div class=\"elementor-element elementor-element-0cef11d cmsmasters-block-default cmsmasters-sticky-default elementor-widget elementor-widget-heading\" data-id=\"0cef11d\" data-element_type=\"widget\" data-widget_type=\"heading.default\">\n\t\t\t\t<div class=\"elementor-widget-container\">\n\t\t\t\t\t<h1 class=\"elementor-heading-title elementor-size-default\">Pol\u00edtica de privacidad<\/h1>\t\t\t\t<\/div>\n\t\t\t\t<\/div>\n\t\t\t\t\t<\/div>\n\t\t\t\t<\/div>\n\t\t<div class=\"elementor-element elementor-element-071f347 e-flex e-con-boxed cmsmasters-block-default e-con e-parent\" data-id=\"071f347\" data-element_type=\"container\">\n\t\t\t\t\t<div class=\"e-con-inner\">\n\t\t\t\t<div class=\"elementor-element elementor-element-c2e5a45 cmsmasters-block-default cmsmasters-sticky-default elementor-widget elementor-widget-text-editor\" data-id=\"c2e5a45\" data-element_type=\"widget\" data-widget_type=\"text-editor.default\">\n\t\t\t\t<div class=\"elementor-widget-container\">\n\t\t\t\t\t\t\t\t\t<p style=\"text-align: justify;\">En cumplimiento de lo establecido en la RGPD, le informamos que sus datos ser\u00e1n tratados en nuestros ficheros, con la finalidad del mantenimiento y cumplimiento de la relaci\u00f3n con nuestra entidad, incluyendo el env\u00edo de comunicaciones en el marco de la citada relaci\u00f3n.<\/p><p style=\"text-align: justify;\">As\u00ed mismo, sus datos ser\u00e1n cedidos en todos aquellos casos en que sea necesario para el desarrollo, cumplimiento y control de la relaci\u00f3n con nuestra entidad o en los supuestos en que lo autorice una norma con rango de ley. En cumplimiento de la RGPD puede ejercitar sus derechos ARCO ante <strong>Muebles Viuda S.L.<\/strong>, con direcci\u00f3n en <strong>C\/ Bazan, 3 &#8211; 03181 Torrevieja (Alicante)<\/strong>, adjuntando fotocopia de su DNI.<\/p><p style=\"text-align: justify;\">El contenido de esta comunicaci\u00f3n, as\u00ed como el de toda la documentaci\u00f3n anexa, est\u00e1 sujeta al deber de secreto y va dirigida \u00fanicamente a su destinatario. En el supuesto de que usted no fuera el destinatario, le solicitamos que nos lo indique y no comunique su contenido a terceros, procediendo a su destrucci\u00f3n.<\/p><p style=\"text-align: justify;\">El prestador de servicios de la sociedad de la informaci\u00f3n deber\u00e1 tener en cuenta que, adem\u00e1s de la informaci\u00f3n que facilite a los destinatarios del servicio a trav\u00e9s de su \u00abPol\u00edtica de Privacidad\u00bb, deber\u00e1 disponer de textos legales adicionales relativos a otras normativas de obligado cumplimiento, tales como, sin car\u00e1cter limitativo o excluyente, condiciones generales de la contrataci\u00f3n, propiedad intelectual e industrial, condiciones de utilizaci\u00f3n de la p\u00e1gina web y responsabilidades al respecto, o lo que la propia Ley 34\/2002, de 11 de julio, de Servicios de la Sociedad de la Informaci\u00f3n y de Comercio Electr\u00f3nico pueda establecer en cualesquiera otros preceptos al margen de su art\u00edculo 10 o incluso completar la informaci\u00f3n que, en relaci\u00f3n a \u00e9ste, fuese necesaria.<\/p>\t\t\t\t\t\t\t\t<\/div>\n\t\t\t\t<\/div>\n\t\t\t\t\t<\/div>\n\t\t\t\t<\/div>\n\t\t\t\t<\/div>","protected":false},"excerpt":{"rendered":"<p>Pol\u00edtica de privacidad En cumplimiento de lo establecido en la RGPD, le informamos que sus datos ser\u00e1n tratados en nuestros ficheros, con la finalidad del mantenimiento y cumplimiento de la relaci\u00f3n con nuestra entidad, incluyendo el env\u00edo de comunicaciones en el marco de la citada relaci\u00f3n. As\u00ed mismo, sus datos ser\u00e1n cedidos en todos aquellos&#8230;<\/p>","protected":false},"author":1,"featured_media":0,"parent":0,"menu_order":0,"comment_status":"closed","ping_status":"closed","template":"","meta":{"_acf_changed":false,"_vp_format_video_url":"","_vp_image_focal_point":[],"footnotes":""},"class_list":["post-36604","page","type-page","status-publish","hentry"],"acf":[],"yoast_head":"<!-- This site is optimized with the Yoast SEO plugin v26.2 - https:\/\/yoast.com\/wordpress\/plugins\/seo\/ -->\n<title>Pol\u00edtica de privacidad - Enmarcaciones Viuda<\/title>\n<meta name=\"robots\" content=\"index, follow, max-snippet:-1, max-image-preview:large, max-video-preview:-1\" \/>\n<link rel=\"canonical\" href=\"https:\/\/enmarcacionesviuda.com\/en\/politica-de-privacidad\/\" \/>\n<meta property=\"og:locale\" content=\"en_GB\" \/>\n<meta property=\"og:type\" content=\"article\" \/>\n<meta property=\"og:title\" content=\"Pol\u00edtica de privacidad - Enmarcaciones Viuda\" \/>\n<meta property=\"og:description\" content=\"Pol\u00edtica de privacidad En cumplimiento de lo establecido en la RGPD, le informamos que sus datos ser\u00e1n tratados en nuestros ficheros, con la finalidad del mantenimiento y cumplimiento de la relaci\u00f3n con nuestra entidad, incluyendo el env\u00edo de comunicaciones en el marco de la citada relaci\u00f3n. As\u00ed mismo, sus datos ser\u00e1n cedidos en todos aquellos...\" \/>\n<meta property=\"og:url\" content=\"https:\/\/enmarcacionesviuda.com\/en\/politica-de-privacidad\/\" \/>\n<meta property=\"og:site_name\" content=\"Enmarcaciones Viuda\" \/>\n<meta property=\"article:modified_time\" content=\"2025-05-28T09:54:20+00:00\" \/>\n<meta name=\"twitter:card\" content=\"summary_large_image\" \/>\n<meta name=\"twitter:label1\" content=\"Estimated reading time\" \/>\n\t<meta name=\"twitter:data1\" content=\"2 minutes\" \/>\n<script type=\"application\/ld+json\" class=\"yoast-schema-graph\">{\"@context\":\"https:\/\/schema.org\",\"@graph\":[{\"@type\":\"WebPage\",\"@id\":\"https:\/\/enmarcacionesviuda.com\/politica-de-privacidad\/\",\"url\":\"https:\/\/enmarcacionesviuda.com\/politica-de-privacidad\/\",\"name\":\"Pol\u00edtica de privacidad - Enmarcaciones Viuda\",\"isPartOf\":{\"@id\":\"https:\/\/enmarcacionesviuda.com\/#website\"},\"datePublished\":\"2025-05-28T09:53:12+00:00\",\"dateModified\":\"2025-05-28T09:54:20+00:00\",\"breadcrumb\":{\"@id\":\"https:\/\/enmarcacionesviuda.com\/politica-de-privacidad\/#breadcrumb\"},\"inLanguage\":\"en-GB\",\"potentialAction\":[{\"@type\":\"ReadAction\",\"target\":[\"https:\/\/enmarcacionesviuda.com\/politica-de-privacidad\/\"]}]},{\"@type\":\"BreadcrumbList\",\"@id\":\"https:\/\/enmarcacionesviuda.com\/politica-de-privacidad\/#breadcrumb\",\"itemListElement\":[{\"@type\":\"ListItem\",\"position\":1,\"name\":\"Portada\",\"item\":\"https:\/\/enmarcacionesviuda.com\/\"},{\"@type\":\"ListItem\",\"position\":2,\"name\":\"Pol\u00edtica de privacidad\"}]},{\"@type\":\"WebSite\",\"@id\":\"https:\/\/enmarcacionesviuda.com\/#website\",\"url\":\"https:\/\/enmarcacionesviuda.com\/\",\"name\":\"Enmarcaciones Viuda\",\"description\":\"\",\"publisher\":{\"@id\":\"https:\/\/enmarcacionesviuda.com\/#organization\"},\"potentialAction\":[{\"@type\":\"SearchAction\",\"target\":{\"@type\":\"EntryPoint\",\"urlTemplate\":\"https:\/\/enmarcacionesviuda.com\/?s={search_term_string}\"},\"query-input\":{\"@type\":\"PropertyValueSpecification\",\"valueRequired\":true,\"valueName\":\"search_term_string\"}}],\"inLanguage\":\"en-GB\"},{\"@type\":\"Organization\",\"@id\":\"https:\/\/enmarcacionesviuda.com\/#organization\",\"name\":\"Enmarcaciones Viuda\",\"url\":\"https:\/\/enmarcacionesviuda.com\/\",\"logo\":{\"@type\":\"ImageObject\",\"inLanguage\":\"en-GB\",\"@id\":\"https:\/\/enmarcacionesviuda.com\/#\/schema\/logo\/image\/\",\"url\":\"https:\/\/enmarcacionesviuda.com\/wp-content\/uploads\/2025\/05\/logoedit.png\",\"contentUrl\":\"https:\/\/enmarcacionesviuda.com\/wp-content\/uploads\/2025\/05\/logoedit.png\",\"width\":200,\"height\":96,\"caption\":\"Enmarcaciones Viuda\"},\"image\":{\"@id\":\"https:\/\/enmarcacionesviuda.com\/#\/schema\/logo\/image\/\"}}]}<\/script>\n<!-- \/ Yoast SEO plugin. -->","yoast_head_json":{"title":"Pol\u00edtica de privacidad - Enmarcaciones Viuda","robots":{"index":"index","follow":"follow","max-snippet":"max-snippet:-1","max-image-preview":"max-image-preview:large","max-video-preview":"max-video-preview:-1"},"canonical":"https:\/\/enmarcacionesviuda.com\/en\/politica-de-privacidad\/","og_locale":"en_GB","og_type":"article","og_title":"Pol\u00edtica de privacidad - Enmarcaciones Viuda","og_description":"Pol\u00edtica de privacidad En cumplimiento de lo establecido en la RGPD, le informamos que sus datos ser\u00e1n tratados en nuestros ficheros, con la finalidad del mantenimiento y cumplimiento de la relaci\u00f3n con nuestra entidad, incluyendo el env\u00edo de comunicaciones en el marco de la citada relaci\u00f3n. As\u00ed mismo, sus datos ser\u00e1n cedidos en todos aquellos...","og_url":"https:\/\/enmarcacionesviuda.com\/en\/politica-de-privacidad\/","og_site_name":"Enmarcaciones Viuda","article_modified_time":"2025-05-28T09:54:20+00:00","twitter_card":"summary_large_image","twitter_misc":{"Estimated reading time":"2 minutes"},"schema":{"@context":"https:\/\/schema.org","@graph":[{"@type":"WebPage","@id":"https:\/\/enmarcacionesviuda.com\/politica-de-privacidad\/","url":"https:\/\/enmarcacionesviuda.com\/politica-de-privacidad\/","name":"Pol\u00edtica de privacidad - Enmarcaciones Viuda","isPartOf":{"@id":"https:\/\/enmarcacionesviuda.com\/#website"},"datePublished":"2025-05-28T09:53:12+00:00","dateModified":"2025-05-28T09:54:20+00:00","breadcrumb":{"@id":"https:\/\/enmarcacionesviuda.com\/politica-de-privacidad\/#breadcrumb"},"inLanguage":"en-GB","potentialAction":[{"@type":"ReadAction","target":["https:\/\/enmarcacionesviuda.com\/politica-de-privacidad\/"]}]},{"@type":"BreadcrumbList","@id":"https:\/\/enmarcacionesviuda.com\/politica-de-privacidad\/#breadcrumb","itemListElement":[{"@type":"ListItem","position":1,"name":"Portada","item":"https:\/\/enmarcacionesviuda.com\/"},{"@type":"ListItem","position":2,"name":"Pol\u00edtica de privacidad"}]},{"@type":"WebSite","@id":"https:\/\/enmarcacionesviuda.com\/#website","url":"https:\/\/enmarcacionesviuda.com\/","name":"Enmarcaciones Viuda","description":"","publisher":{"@id":"https:\/\/enmarcacionesviuda.com\/#organization"},"potentialAction":[{"@type":"SearchAction","target":{"@type":"EntryPoint","urlTemplate":"https:\/\/enmarcacionesviuda.com\/?s={search_term_string}"},"query-input":{"@type":"PropertyValueSpecification","valueRequired":true,"valueName":"search_term_string"}}],"inLanguage":"en-GB"},{"@type":"Organization","@id":"https:\/\/enmarcacionesviuda.com\/#organization","name":"Enmarcaciones Viuda","url":"https:\/\/enmarcacionesviuda.com\/","logo":{"@type":"ImageObject","inLanguage":"en-GB","@id":"https:\/\/enmarcacionesviuda.com\/#\/schema\/logo\/image\/","url":"https:\/\/enmarcacionesviuda.com\/wp-content\/uploads\/2025\/05\/logoedit.png","contentUrl":"https:\/\/enmarcacionesviuda.com\/wp-content\/uploads\/2025\/05\/logoedit.png","width":200,"height":96,"caption":"Enmarcaciones Viuda"},"image":{"@id":"https:\/\/enmarcacionesviuda.com\/#\/schema\/logo\/image\/"}}]}},"_links":{"self":[{"href":"https:\/\/enmarcacionesviuda.com\/en\/wp-json\/wp\/v2\/pages\/36604","targetHints":{"allow":["GET"]}}],"collection":[{"href":"https:\/\/enmarcacionesviuda.com\/en\/wp-json\/wp\/v2\/pages"}],"about":[{"href":"https:\/\/enmarcacionesviuda.com\/en\/wp-json\/wp\/v2\/types\/page"}],"author":[{"embeddable":true,"href":"https:\/\/enmarcacionesviuda.com\/en\/wp-json\/wp\/v2\/users\/1"}],"replies":[{"embeddable":true,"href":"https:\/\/enmarcacionesviuda.com\/en\/wp-json\/wp\/v2\/comments?post=36604"}],"version-history":[{"count":4,"href":"https:\/\/enmarcacionesviuda.com\/en\/wp-json\/wp\/v2\/pages\/36604\/revisions"}],"predecessor-version":[{"id":36608,"href":"https:\/\/enmarcacionesviuda.com\/en\/wp-json\/wp\/v2\/pages\/36604\/revisions\/36608"}],"wp:attachment":[{"href":"https:\/\/enmarcacionesviuda.com\/en\/wp-json\/wp\/v2\/media?parent=36604"}],"curies":[{"name":"wp","href":"https:\/\/api.w.org\/{rel}","templated":true}]}}