{"id":35622,"date":"2024-04-11T18:59:17","date_gmt":"2024-04-11T18:59:17","guid":{"rendered":"https:\/\/theme-dev.cmsmasters.net\/interiocity\/?page_id=35622"},"modified":"2025-10-01T15:09:14","modified_gmt":"2025-10-01T15:09:14","slug":"contacto","status":"publish","type":"page","link":"https:\/\/enmarcacionesviuda.com\/en\/contacto\/","title":{"rendered":"Contacto"},"content":{"rendered":"<div data-elementor-type=\"wp-page\" data-elementor-id=\"35622\" class=\"elementor elementor-35622\">\n\t\t\t\t<div class=\"elementor-element elementor-element-88bd119 e-con-full e-flex cmsmasters-block-default e-con e-parent\" data-id=\"88bd119\" data-element_type=\"container\">\n\t\t<div class=\"elementor-element elementor-element-f273933 e-con-full e-flex cmsmasters-bg-hide-none cmsmasters-bg-hide-none cmsmasters-block-default e-con e-child\" data-id=\"f273933\" data-element_type=\"container\" data-settings=\"{&quot;background_background&quot;:&quot;classic&quot;}\">\n\t\t\t\t<div class=\"elementor-element elementor-element-588c7e4 cmsmasters-block-default cmsmasters-sticky-default elementor-widget elementor-widget-spacer\" data-id=\"588c7e4\" data-element_type=\"widget\" data-widget_type=\"spacer.default\">\n\t\t\t\t<div class=\"elementor-widget-container\">\n\t\t\t\t\t\t\t<div class=\"elementor-spacer\">\n\t\t\t<div class=\"elementor-spacer-inner\"><\/div>\n\t\t<\/div>\n\t\t\t\t\t\t<\/div>\n\t\t\t\t<\/div>\n\t\t\t\t<\/div>\n\t\t<div class=\"elementor-element elementor-element-9e64e06 e-con-full e-flex cmsmasters-block-default e-con e-child\" data-id=\"9e64e06\" data-element_type=\"container\" data-settings=\"{&quot;background_background&quot;:&quot;classic&quot;}\">\n\t\t\t\t<div class=\"elementor-element elementor-element-9ab664a cmsmasters-block-default cmsmasters-sticky-default elementor-widget elementor-widget-heading\" data-id=\"9ab664a\" data-element_type=\"widget\" data-widget_type=\"heading.default\">\n\t\t\t\t<div class=\"elementor-widget-container\">\n\t\t\t\t\t<h1 class=\"elementor-heading-title elementor-size-default\">Contacto<\/h1>\t\t\t\t<\/div>\n\t\t\t\t<\/div>\n\t\t\t\t<div class=\"elementor-element elementor-element-15575b2 cmsmasters-block-default cmsmasters-sticky-default elementor-widget elementor-widget-text-editor\" data-id=\"15575b2\" data-element_type=\"widget\" data-widget_type=\"text-editor.default\">\n\t\t\t\t<div class=\"elementor-widget-container\">\n\t\t\t\t\t\t\t\t\t<p style=\"text-align: justify;\" data-start=\"189\" data-end=\"268\">\u00bfTienes una obra que merece el mejor marco?<br data-start=\"232\" data-end=\"235\" \/>Estaremos encantados de ayudarte.<br \/>Puedes visitarnos en nuestro taller, llamarnos o escribirnos para pedir presupuesto sin compromiso.<br data-start=\"369\" data-end=\"372\" \/>En Enmarcaciones Viuda, cada detalle cuenta y cada cliente es \u00fanico.<\/p><p style=\"text-align: justify;\" data-start=\"442\" data-end=\"456\"><strong data-start=\"442\" data-end=\"456\">\u00a1Hablemos!<\/strong><\/p>\t\t\t\t\t\t\t\t<\/div>\n\t\t\t\t<\/div>\n\t\t\t\t<div class=\"elementor-element elementor-element-62c4b56 cmsmasters-widget-align-left cmsmasters-widget-marker-view-stacked cmsmasters-widget-layout-row cmsmasters-widget-direction-default cmsmasters-widget-marker-element-icon cmsmasters-widget-marker-shape-circle cmsmasters-block-default cmsmasters-sticky-default elementor-widget elementor-widget-cmsmasters-icon-list cmsmasters-widget-icon-list\" data-id=\"62c4b56\" data-element_type=\"widget\" data-widget_type=\"cmsmasters-icon-list.default\">\n\t\t\t\t<div class=\"elementor-widget-container\">\n\t\t\t\t\t\t\t<ul class=\"cmsmasters-widget-icon-list-items\">\n\t\t\t\t\t\t\t<li class=\"cmsmasters-widget-icon-list-item active-icon-item active-link-item\">\n\t\t\t\t<a href=\"tel:34965717471\">\t\t\t\t<span class=\"cmsmasters-widget-icon-list-item-text-wrap\">\n\t\t\t\t\t\t\t\t\t\t\t<span class=\"cmsmasters-widget-icon-list-item-icon\">\n\t\t\t\t\t\t\t<span>\n\t\t\t\t\t\t\t\t\t\t\t\t\t\t\t\t\t<svg aria-hidden=\"true\" class=\"e-font-icon-svg e-fas-phone-alt\" viewbox=\"0 0 512 512\" xmlns=\"http:\/\/www.w3.org\/2000\/svg\"><path d=\"M497.39 361.8l-112-48a24 24 0 0 0-28 6.9l-49.6 60.6A370.66 370.66 0 0 1 130.6 204.11l60.6-49.6a23.94 23.94 0 0 0 6.9-28l-48-112A24.16 24.16 0 0 0 122.6.61l-104 24A24 24 0 0 0 0 48c0 256.5 207.9 464 464 464a24 24 0 0 0 23.4-18.6l24-104a24.29 24.29 0 0 0-14.01-27.6z\"><\/path><\/svg>\t\t\t\t\t\t\t\t\t\t\t\t\t\t\t<\/span>\n\t\t\t\t\t\t<\/span>\n\t\t\t\t\t\t\t\t\t\t<span class=\"cmsmasters-widget-icon-list-item-text-inner\">\n\t\t\t\t\t\t<span class=\"cmsmasters-widget-icon-list-item-text\">\n\t\t\t\t\t\t\tLl\u00e1manos: +34 965 71 74 71\t\t\t\t\t\t<\/span>\n\t\t\t\t\t\t\t\t\t\t\t<\/span>\n\t\t\t\t<\/span>\n\t\t\t\t<\/a>\t\t\t\t<\/li>\n\t\t\t\t\t\t\t<li class=\"cmsmasters-widget-icon-list-item active-icon-item active-link-item\">\n\t\t\t\t<a href=\"mailto:info@mueblesviuda.com\">\t\t\t\t<span class=\"cmsmasters-widget-icon-list-item-text-wrap\">\n\t\t\t\t\t\t\t\t\t\t\t<span class=\"cmsmasters-widget-icon-list-item-icon\">\n\t\t\t\t\t\t\t<span>\n\t\t\t\t\t\t\t\t\t\t\t\t\t\t\t\t\t<svg aria-hidden=\"true\" class=\"e-font-icon-svg e-fas-envelope\" viewbox=\"0 0 512 512\" xmlns=\"http:\/\/www.w3.org\/2000\/svg\"><path d=\"M502.3 190.8c3.9-3.1 9.7-.2 9.7 4.7V400c0 26.5-21.5 48-48 48H48c-26.5 0-48-21.5-48-48V195.6c0-5 5.7-7.8 9.7-4.7 22.4 17.4 52.1 39.5 154.1 113.6 21.1 15.4 56.7 47.8 92.2 47.6 35.7.3 72-32.8 92.3-47.6 102-74.1 131.6-96.3 154-113.7zM256 320c23.2.4 56.6-29.2 73.4-41.4 132.7-96.3 142.8-104.7 173.4-128.7 5.8-4.5 9.2-11.5 9.2-18.9v-19c0-26.5-21.5-48-48-48H48C21.5 64 0 85.5 0 112v19c0 7.4 3.4 14.3 9.2 18.9 30.6 23.9 40.7 32.4 173.4 128.7 16.8 12.2 50.2 41.8 73.4 41.4z\"><\/path><\/svg>\t\t\t\t\t\t\t\t\t\t\t\t\t\t\t<\/span>\n\t\t\t\t\t\t<\/span>\n\t\t\t\t\t\t\t\t\t\t<span class=\"cmsmasters-widget-icon-list-item-text-inner\">\n\t\t\t\t\t\t<span class=\"cmsmasters-widget-icon-list-item-text cmsmasters-widget-icon-list-item-text\">\n\t\t\t\t\t\t\tEscr\u00edbenos: info@mueblesviuda.com\t\t\t\t\t\t<\/span>\n\t\t\t\t\t\t\t\t\t\t\t<\/span>\n\t\t\t\t<\/span>\n\t\t\t\t<\/a>\t\t\t\t<\/li>\n\t\t\t\t\t<\/ul>\n\t\t\t\t\t\t<\/div>\n\t\t\t\t<\/div>\n\t\t\t\t<\/div>\n\t\t\t\t<\/div>\n\t\t<div class=\"elementor-element elementor-element-e13edda e-flex e-con-boxed cmsmasters-block-default e-con e-parent\" data-id=\"e13edda\" data-element_type=\"container\">\n\t\t\t\t\t<div class=\"e-con-inner\">\n\t\t<div class=\"elementor-element elementor-element-1a924b6 e-con-full e-flex cmsmasters-block-default e-con e-child\" data-id=\"1a924b6\" data-element_type=\"container\">\n\t\t\t\t<div class=\"elementor-element elementor-element-88b05b5 cmsmasters-block-default cmsmasters-sticky-default elementor-widget elementor-widget-heading\" data-id=\"88b05b5\" data-element_type=\"widget\" data-widget_type=\"heading.default\">\n\t\t\t\t<div class=\"elementor-widget-container\">\n\t\t\t\t\t<h2 class=\"elementor-heading-title elementor-size-default\">Escr\u00edbenos<\/h2>\t\t\t\t<\/div>\n\t\t\t\t<\/div>\n\t\t\t\t<div class=\"elementor-element elementor-element-5579b2c cmsmasters-block-default cmsmasters-sticky-default elementor-widget elementor-widget-cmsmasters-forminator\" data-id=\"5579b2c\" data-element_type=\"widget\" data-settings=\"{&quot;form_list&quot;:&quot;35639&quot;}\" data-widget_type=\"cmsmasters-forminator.default\">\n\t\t\t\t<div class=\"elementor-widget-container\">\n\t\t\t\t\t<div class=\"elementor-widget-cmsmasters-contact-form__wrapper elementor-widget-cmsmasters-contact-form cmsmasters-default-color cmsmasters-default-font\" id=\"cmsmasters-widget-form-5579b2c\">\n\t\t\t<div class=\"elementor-widget-cmsmasters-contact-form__inner\"><div class=\"forminator-ui forminator-custom-form forminator-custom-form-35639 forminator-design--default forminator-custom forminator_ajax\" data-forminator-render=\"0\" data-form=\"forminator-module-35639\" data-uid=\"69e8cb0bd7d08\"><br\/><\/div><form\n\t\t\t\tid=\"forminator-module-35639\"\n\t\t\t\tclass=\"forminator-ui forminator-custom-form forminator-custom-form-35639 forminator-design--default forminator-custom forminator_ajax\"\n\t\t\t\tmethod=\"post\"\n\t\t\t\tdata-forminator-render=\"0\"\n\t\t\t\tdata-form-id=\"35639\"\n\t\t\t\t data-color-option=\"default\" data-design=\"default\" data-grid=\"custom\" style=\"display: none;\"\n\t\t\t\tdata-uid=\"69e8cb0bd7d08\" action=\"\"\n\t\t\t><div role=\"alert\" aria-live=\"polite\" class=\"forminator-response-message forminator-error\" aria-hidden=\"true\"><\/div><div class=\"forminator-row\"><div id=\"name-1\" class=\"forminator-field-name forminator-col forminator-col-6\"><div class=\"forminator-field\"><label for=\"forminator-field-name-1_69e8cb0bd7d08\" id=\"forminator-field-name-1_69e8cb0bd7d08-label\" class=\"forminator-label\">Nombre <span class=\"forminator-required\">*<\/span><\/label><input type=\"text\" name=\"name-1\" value=\"\" placeholder=\"\" id=\"forminator-field-name-1_69e8cb0bd7d08\" class=\"forminator-input forminator-name--field\" aria-required=\"true\" autocomplete=\"name\" \/><\/div><\/div><div id=\"email-1\" class=\"forminator-field-email forminator-col forminator-col-6\"><div class=\"forminator-field\"><label for=\"forminator-field-email-1_69e8cb0bd7d08\" id=\"forminator-field-email-1_69e8cb0bd7d08-label\" class=\"forminator-label\">Email <span class=\"forminator-required\">*<\/span><\/label><input type=\"email\" name=\"email-1\" value=\"\" placeholder=\"\" id=\"forminator-field-email-1_69e8cb0bd7d08\" class=\"forminator-input forminator-email--field\" data-required=\"1\" aria-required=\"true\" autocomplete=\"email\" \/><\/div><\/div><\/div><div class=\"forminator-row\"><div id=\"textarea-1\" class=\"forminator-field-textarea forminator-col forminator-col-12\"><div class=\"forminator-field\"><label for=\"forminator-field-textarea-1_69e8cb0bd7d08\" id=\"forminator-field-textarea-1_69e8cb0bd7d08-label\" class=\"forminator-label\">Mensaje <span class=\"forminator-required\">*<\/span><\/label><textarea name=\"textarea-1\" placeholder=\"\" id=\"forminator-field-textarea-1_69e8cb0bd7d08\" class=\"forminator-textarea\" rows=\"6\" style=\"min-height:140px;\" ><\/textarea><\/div><\/div><\/div><div class=\"forminator-row\"><div id=\"consent-1\" class=\"forminator-field-consent forminator-col forminator-col-12\"><div class=\"forminator-field\"><div class=\"forminator-checkbox__wrapper\"><label id=\"forminator-field-consent-1_69e8cb0bd7d08__label\" class=\"forminator-checkbox forminator-consent\" aria-labelledby=\"forminator-field-consent-1_69e8cb0bd7d08-label\" aria-hidden=\"true\"><input type=\"checkbox\" name=\"consent-1\" id=\"forminator-field-consent-1_69e8cb0bd7d08\" value=\"checked\" aria-labelledby=\"forminator-field-consent-1_69e8cb0bd7d08-label\" aria-describedby=\"forminator-field-consent-1_69e8cb0bd7d08__description\" data-required=\"true\" aria-required=\"true\" \/><span class=\"forminator-checkbox-box\" aria-hidden=\"true\"><\/span><\/label><div id=\"forminator-field-consent-1_69e8cb0bd7d08__description\" class=\"forminator-checkbox__label forminator-consent__label\"><p>He le\u00eddo y estoy de acuerdo con la <a rel=\"noopener\" target=\"_blank\" href=\"\/en\/politica-de-privacidad\/\">pol\u00edtica de privacidad<\/a><\/p><\/div><\/div><\/div><\/div><\/div><div class=\"forminator-row\"><div id=\"captcha-1\" class=\"forminator-field-captcha forminator-col forminator-col-12\"><div class=\"forminator-captcha-left forminator-g-recaptcha recaptcha-invisible\" data-theme=\"light\" data-badge=\"bottomright\" data-sitekey=\"6LegYk4rAAAAAHV6UG3U3wEcHaSZUvPoKuXVbTrs\" data-size=\"invisible\"><\/div> <\/div><\/div><input type=\"hidden\" name=\"referer_url\" value=\"\" \/><div class=\"forminator-row forminator-row-last\"><div class=\"forminator-col\"><div class=\"forminator-field\"><button class=\"forminator-button forminator-button-submit\">Enviar<\/button><\/div><\/div><\/div><input type=\"hidden\" id=\"forminator_nonce\" name=\"forminator_nonce\" value=\"1e98029652\" \/><input type=\"hidden\" name=\"_wp_http_referer\" value=\"\/en\/wp-json\/wp\/v2\/pages\/35622\" \/><input type=\"hidden\" name=\"form_id\" value=\"35639\"><input type=\"hidden\" name=\"page_id\" value=\"35622\"><input type=\"hidden\" name=\"form_type\" value=\"default\"><input type=\"hidden\" name=\"current_url\" value=\"https:\/\/enmarcacionesviuda.com\/en\/contacto\/\"><input type=\"hidden\" name=\"render_id\" value=\"0\"><input type=\"hidden\" name=\"action\" value=\"forminator_submit_form_custom-forms\"><input type=\"hidden\" name=\"trp-form-language\" value=\"en\"\/><\/form><\/div>\n\t\t<\/div>\t\t\t\t<\/div>\n\t\t\t\t<\/div>\n\t\t\t\t<\/div>\n\t\t<div class=\"elementor-element elementor-element-97a8a4b e-con-full e-flex cmsmasters-block-default e-con e-child\" data-id=\"97a8a4b\" data-element_type=\"container\">\n\t\t\t\t<div class=\"elementor-element elementor-element-3926789 cmsmasters-block-default cmsmasters-sticky-default elementor-widget elementor-widget-image\" data-id=\"3926789\" data-element_type=\"widget\" data-widget_type=\"image.default\">\n\t\t\t\t<div class=\"elementor-widget-container\">\n\t\t\t\t\t\t\t\t\t\t\t\t\t\t\t<img fetchpriority=\"high\" decoding=\"async\" width=\"681\" height=\"851\" src=\"https:\/\/enmarcacionesviuda.com\/wp-content\/uploads\/2025\/05\/galeria4.png\" class=\"attachment-full size-full wp-image-36583\" alt=\"Enmarcaciones Viuda\" srcset=\"https:\/\/enmarcacionesviuda.com\/wp-content\/uploads\/2025\/05\/galeria4.png 681w, https:\/\/enmarcacionesviuda.com\/wp-content\/uploads\/2025\/05\/galeria4-240x300.png 240w, https:\/\/enmarcacionesviuda.com\/wp-content\/uploads\/2025\/05\/galeria4-500x625.png 500w, https:\/\/enmarcacionesviuda.com\/wp-content\/uploads\/2025\/05\/galeria4-600x750.png 600w\" sizes=\"(max-width: 681px) 100vw, 681px\" \/>\t\t\t\t\t\t\t\t\t\t\t\t\t\t\t<\/div>\n\t\t\t\t<\/div>\n\t\t\t\t<\/div>\n\t\t\t\t\t<\/div>\n\t\t\t\t<\/div>\n\t\t\t\t<\/div>","protected":false},"excerpt":{"rendered":"<p>Contacto \u00bfTienes una obra que merece el mejor marco?Estaremos encantados de ayudarte.Puedes visitarnos en nuestro taller, llamarnos o escribirnos para pedir presupuesto sin compromiso.En Enmarcaciones Viuda, cada detalle cuenta y cada cliente es \u00fanico. \u00a1Hablemos! Ll\u00e1manos: +34 965 71 74 71 Escr\u00edbenos: info@mueblesviuda.com Escr\u00edbenos<\/p>","protected":false},"author":1,"featured_media":0,"parent":0,"menu_order":0,"comment_status":"closed","ping_status":"closed","template":"","meta":{"_acf_changed":false,"_vp_format_video_url":"","_vp_image_focal_point":[],"footnotes":""},"class_list":["post-35622","page","type-page","status-publish","hentry"],"acf":[],"yoast_head":"<!-- This site is optimized with the Yoast SEO plugin v26.2 - https:\/\/yoast.com\/wordpress\/plugins\/seo\/ -->\n<title>Contacto - Enmarcaciones Viuda<\/title>\n<meta name=\"description\" content=\"\u00bfNecesitas enmarcar tus recuerdos? Contacta con Enmarcaciones Viuda en Torrevieja. Estamos disponibles para resolver tus dudas y ofrecerte un servicio personalizado.\" \/>\n<meta name=\"robots\" content=\"index, follow, max-snippet:-1, max-image-preview:large, max-video-preview:-1\" \/>\n<link rel=\"canonical\" href=\"https:\/\/enmarcacionesviuda.com\/en\/contacto\/\" \/>\n<meta property=\"og:locale\" content=\"en_GB\" \/>\n<meta property=\"og:type\" content=\"article\" \/>\n<meta property=\"og:title\" content=\"Contacto - Enmarcaciones Viuda\" \/>\n<meta property=\"og:description\" content=\"\u00bfNecesitas enmarcar tus recuerdos? Contacta con Enmarcaciones Viuda en Torrevieja. Estamos disponibles para resolver tus dudas y ofrecerte un servicio personalizado.\" \/>\n<meta property=\"og:url\" content=\"https:\/\/enmarcacionesviuda.com\/en\/contacto\/\" \/>\n<meta property=\"og:site_name\" content=\"Enmarcaciones Viuda\" \/>\n<meta property=\"article:modified_time\" content=\"2025-10-01T15:09:14+00:00\" \/>\n<meta property=\"og:image\" content=\"https:\/\/enmarcacionesviuda.com\/wp-content\/uploads\/2025\/05\/galeria4.png\" \/>\n\t<meta property=\"og:image:width\" content=\"681\" \/>\n\t<meta property=\"og:image:height\" content=\"851\" \/>\n\t<meta property=\"og:image:type\" content=\"image\/png\" \/>\n<meta name=\"twitter:card\" content=\"summary_large_image\" \/>\n<meta name=\"twitter:label1\" content=\"Estimated reading time\" \/>\n\t<meta name=\"twitter:data1\" content=\"1 minute\" \/>\n<script type=\"application\/ld+json\" class=\"yoast-schema-graph\">{\"@context\":\"https:\/\/schema.org\",\"@graph\":[{\"@type\":\"WebPage\",\"@id\":\"https:\/\/enmarcacionesviuda.com\/contacto\/\",\"url\":\"https:\/\/enmarcacionesviuda.com\/contacto\/\",\"name\":\"Contacto - Enmarcaciones Viuda\",\"isPartOf\":{\"@id\":\"https:\/\/enmarcacionesviuda.com\/#website\"},\"primaryImageOfPage\":{\"@id\":\"https:\/\/enmarcacionesviuda.com\/contacto\/#primaryimage\"},\"image\":{\"@id\":\"https:\/\/enmarcacionesviuda.com\/contacto\/#primaryimage\"},\"thumbnailUrl\":\"https:\/\/enmarcacionesviuda.com\/wp-content\/uploads\/2025\/05\/galeria4.png\",\"datePublished\":\"2024-04-11T18:59:17+00:00\",\"dateModified\":\"2025-10-01T15:09:14+00:00\",\"description\":\"\u00bfNecesitas enmarcar tus recuerdos? Contacta con Enmarcaciones Viuda en Torrevieja. Estamos disponibles para resolver tus dudas y ofrecerte un servicio personalizado.\",\"breadcrumb\":{\"@id\":\"https:\/\/enmarcacionesviuda.com\/contacto\/#breadcrumb\"},\"inLanguage\":\"en-GB\",\"potentialAction\":[{\"@type\":\"ReadAction\",\"target\":[\"https:\/\/enmarcacionesviuda.com\/contacto\/\"]}]},{\"@type\":\"ImageObject\",\"inLanguage\":\"en-GB\",\"@id\":\"https:\/\/enmarcacionesviuda.com\/contacto\/#primaryimage\",\"url\":\"https:\/\/enmarcacionesviuda.com\/wp-content\/uploads\/2025\/05\/galeria4.png\",\"contentUrl\":\"https:\/\/enmarcacionesviuda.com\/wp-content\/uploads\/2025\/05\/galeria4.png\"},{\"@type\":\"BreadcrumbList\",\"@id\":\"https:\/\/enmarcacionesviuda.com\/contacto\/#breadcrumb\",\"itemListElement\":[{\"@type\":\"ListItem\",\"position\":1,\"name\":\"Portada\",\"item\":\"https:\/\/enmarcacionesviuda.com\/\"},{\"@type\":\"ListItem\",\"position\":2,\"name\":\"Contacto\"}]},{\"@type\":\"WebSite\",\"@id\":\"https:\/\/enmarcacionesviuda.com\/#website\",\"url\":\"https:\/\/enmarcacionesviuda.com\/\",\"name\":\"Enmarcaciones Viuda\",\"description\":\"\",\"publisher\":{\"@id\":\"https:\/\/enmarcacionesviuda.com\/#organization\"},\"potentialAction\":[{\"@type\":\"SearchAction\",\"target\":{\"@type\":\"EntryPoint\",\"urlTemplate\":\"https:\/\/enmarcacionesviuda.com\/?s={search_term_string}\"},\"query-input\":{\"@type\":\"PropertyValueSpecification\",\"valueRequired\":true,\"valueName\":\"search_term_string\"}}],\"inLanguage\":\"en-GB\"},{\"@type\":\"Organization\",\"@id\":\"https:\/\/enmarcacionesviuda.com\/#organization\",\"name\":\"Enmarcaciones Viuda\",\"url\":\"https:\/\/enmarcacionesviuda.com\/\",\"logo\":{\"@type\":\"ImageObject\",\"inLanguage\":\"en-GB\",\"@id\":\"https:\/\/enmarcacionesviuda.com\/#\/schema\/logo\/image\/\",\"url\":\"https:\/\/enmarcacionesviuda.com\/wp-content\/uploads\/2025\/05\/logoedit.png\",\"contentUrl\":\"https:\/\/enmarcacionesviuda.com\/wp-content\/uploads\/2025\/05\/logoedit.png\",\"width\":200,\"height\":96,\"caption\":\"Enmarcaciones Viuda\"},\"image\":{\"@id\":\"https:\/\/enmarcacionesviuda.com\/#\/schema\/logo\/image\/\"}}]}<\/script>\n<!-- \/ Yoast SEO plugin. -->","yoast_head_json":{"title":"Contacto - Enmarcaciones Viuda","description":"\u00bfNecesitas enmarcar tus recuerdos? Contacta con Enmarcaciones Viuda en Torrevieja. Estamos disponibles para resolver tus dudas y ofrecerte un servicio personalizado.","robots":{"index":"index","follow":"follow","max-snippet":"max-snippet:-1","max-image-preview":"max-image-preview:large","max-video-preview":"max-video-preview:-1"},"canonical":"https:\/\/enmarcacionesviuda.com\/en\/contacto\/","og_locale":"en_GB","og_type":"article","og_title":"Contacto - Enmarcaciones Viuda","og_description":"\u00bfNecesitas enmarcar tus recuerdos? Contacta con Enmarcaciones Viuda en Torrevieja. Estamos disponibles para resolver tus dudas y ofrecerte un servicio personalizado.","og_url":"https:\/\/enmarcacionesviuda.com\/en\/contacto\/","og_site_name":"Enmarcaciones Viuda","article_modified_time":"2025-10-01T15:09:14+00:00","og_image":[{"width":681,"height":851,"url":"https:\/\/enmarcacionesviuda.com\/wp-content\/uploads\/2025\/05\/galeria4.png","type":"image\/png"}],"twitter_card":"summary_large_image","twitter_misc":{"Estimated reading time":"1 minute"},"schema":{"@context":"https:\/\/schema.org","@graph":[{"@type":"WebPage","@id":"https:\/\/enmarcacionesviuda.com\/contacto\/","url":"https:\/\/enmarcacionesviuda.com\/contacto\/","name":"Contacto - Enmarcaciones Viuda","isPartOf":{"@id":"https:\/\/enmarcacionesviuda.com\/#website"},"primaryImageOfPage":{"@id":"https:\/\/enmarcacionesviuda.com\/contacto\/#primaryimage"},"image":{"@id":"https:\/\/enmarcacionesviuda.com\/contacto\/#primaryimage"},"thumbnailUrl":"https:\/\/enmarcacionesviuda.com\/wp-content\/uploads\/2025\/05\/galeria4.png","datePublished":"2024-04-11T18:59:17+00:00","dateModified":"2025-10-01T15:09:14+00:00","description":"\u00bfNecesitas enmarcar tus recuerdos? Contacta con Enmarcaciones Viuda en Torrevieja. Estamos disponibles para resolver tus dudas y ofrecerte un servicio personalizado.","breadcrumb":{"@id":"https:\/\/enmarcacionesviuda.com\/contacto\/#breadcrumb"},"inLanguage":"en-GB","potentialAction":[{"@type":"ReadAction","target":["https:\/\/enmarcacionesviuda.com\/contacto\/"]}]},{"@type":"ImageObject","inLanguage":"en-GB","@id":"https:\/\/enmarcacionesviuda.com\/contacto\/#primaryimage","url":"https:\/\/enmarcacionesviuda.com\/wp-content\/uploads\/2025\/05\/galeria4.png","contentUrl":"https:\/\/enmarcacionesviuda.com\/wp-content\/uploads\/2025\/05\/galeria4.png"},{"@type":"BreadcrumbList","@id":"https:\/\/enmarcacionesviuda.com\/contacto\/#breadcrumb","itemListElement":[{"@type":"ListItem","position":1,"name":"Portada","item":"https:\/\/enmarcacionesviuda.com\/"},{"@type":"ListItem","position":2,"name":"Contacto"}]},{"@type":"WebSite","@id":"https:\/\/enmarcacionesviuda.com\/#website","url":"https:\/\/enmarcacionesviuda.com\/","name":"Enmarcaciones Viuda","description":"","publisher":{"@id":"https:\/\/enmarcacionesviuda.com\/#organization"},"potentialAction":[{"@type":"SearchAction","target":{"@type":"EntryPoint","urlTemplate":"https:\/\/enmarcacionesviuda.com\/?s={search_term_string}"},"query-input":{"@type":"PropertyValueSpecification","valueRequired":true,"valueName":"search_term_string"}}],"inLanguage":"en-GB"},{"@type":"Organization","@id":"https:\/\/enmarcacionesviuda.com\/#organization","name":"Enmarcaciones Viuda","url":"https:\/\/enmarcacionesviuda.com\/","logo":{"@type":"ImageObject","inLanguage":"en-GB","@id":"https:\/\/enmarcacionesviuda.com\/#\/schema\/logo\/image\/","url":"https:\/\/enmarcacionesviuda.com\/wp-content\/uploads\/2025\/05\/logoedit.png","contentUrl":"https:\/\/enmarcacionesviuda.com\/wp-content\/uploads\/2025\/05\/logoedit.png","width":200,"height":96,"caption":"Enmarcaciones Viuda"},"image":{"@id":"https:\/\/enmarcacionesviuda.com\/#\/schema\/logo\/image\/"}}]}},"_links":{"self":[{"href":"https:\/\/enmarcacionesviuda.com\/en\/wp-json\/wp\/v2\/pages\/35622","targetHints":{"allow":["GET"]}}],"collection":[{"href":"https:\/\/enmarcacionesviuda.com\/en\/wp-json\/wp\/v2\/pages"}],"about":[{"href":"https:\/\/enmarcacionesviuda.com\/en\/wp-json\/wp\/v2\/types\/page"}],"author":[{"embeddable":true,"href":"https:\/\/enmarcacionesviuda.com\/en\/wp-json\/wp\/v2\/users\/1"}],"replies":[{"embeddable":true,"href":"https:\/\/enmarcacionesviuda.com\/en\/wp-json\/wp\/v2\/comments?post=35622"}],"version-history":[{"count":26,"href":"https:\/\/enmarcacionesviuda.com\/en\/wp-json\/wp\/v2\/pages\/35622\/revisions"}],"predecessor-version":[{"id":36723,"href":"https:\/\/enmarcacionesviuda.com\/en\/wp-json\/wp\/v2\/pages\/35622\/revisions\/36723"}],"wp:attachment":[{"href":"https:\/\/enmarcacionesviuda.com\/en\/wp-json\/wp\/v2\/media?parent=35622"}],"curies":[{"name":"wp","href":"https:\/\/api.w.org\/{rel}","templated":true}]}}