{"id":34744,"date":"2024-04-07T10:17:19","date_gmt":"2024-04-07T10:17:19","guid":{"rendered":"https:\/\/theme-dev.cmsmasters.net\/interiocity\/?page_id=34744"},"modified":"2025-05-30T09:10:33","modified_gmt":"2025-05-30T09:10:33","slug":"home","status":"publish","type":"page","link":"https:\/\/enmarcacionesviuda.com\/en\/","title":{"rendered":"Inicio"},"content":{"rendered":"<div data-elementor-type=\"wp-page\" data-elementor-id=\"34744\" class=\"elementor elementor-34744\">\n\t\t\t\t<div class=\"elementor-element elementor-element-2e9510e e-flex e-con-boxed cmsmasters-block-default e-con e-parent\" data-id=\"2e9510e\" data-element_type=\"container\">\n\t\t\t\t\t<div class=\"e-con-inner\">\n\t\t\t\t<div class=\"elementor-element elementor-element-5d57241 cmsmasters-block-default cmsmasters-sticky-default elementor-widget elementor-widget-heading\" data-id=\"5d57241\" data-element_type=\"widget\" data-widget_type=\"heading.default\">\n\t\t\t\t<div class=\"elementor-widget-container\">\n\t\t\t\t\t<h2 class=\"elementor-heading-title elementor-size-default\">Enmarcaciones Viuda<\/h2>\t\t\t\t<\/div>\n\t\t\t\t<\/div>\n\t\t<div class=\"elementor-element elementor-element-9c321d3 e-con-full e-grid cmsmasters-block-default e-con e-child\" data-id=\"9c321d3\" data-element_type=\"container\">\n\t\t\t\t<div class=\"elementor-element elementor-element-ace9690 cmsmasters-block-default cmsmasters-sticky-default elementor-widget elementor-widget-text-editor\" data-id=\"ace9690\" data-element_type=\"widget\" id=\"textohome1\" data-widget_type=\"text-editor.default\">\n\t\t\t\t<div class=\"elementor-widget-container\">\n\t\t\t\t\t\t\t\t\t<div class=\"x11i5rnm xat24cr x1mh8g0r x1vvkbs xtlvy1s x126k92a\"><div dir=\"auto\" style=\"text-align: justify;\">En <strong><span class=\"html-span xdj266r x11i5rnm xat24cr x1mh8g0r xexx8yu x4uap5 x18d9i69 xkhd6sd x1hl2dhg x16tdsg8 x1vvkbs\">Enmarcaciones Viuda<\/span><\/strong>, nos enorgullece ofrecer a nuestros clientes un servicio de Enmarcaci\u00f3n excepcional. Nos hemos ganado una reputaci\u00f3n s\u00f3lida por nuestra rapidez y eficacia en el proceso de enmarcado, adem\u00e1s de un enfoque creativo que garantiza que tus recuerdos y obras de arte se presenten de la mejor manera posible.<\/div><div dir=\"auto\">\u00a0<\/div><div dir=\"auto\" style=\"text-align: justify;\">Entendemos lo importante que es para ti tener tus obras u objetos enmarcados a tiempo. Es por eso que nos comprometemos a ofrecer un servicio r\u00e1pido sin comprometer la calidad. Tus obras estar\u00e1n listas en un tiempo r\u00e9cord para que puedas disfrutarlas y exhibirlas en tu hogar o negocio lo antes posible.<\/div><div dir=\"auto\">\u00a0<\/div><div dir=\"auto\" style=\"text-align: justify;\">Visita Enmarcaciones Viuda y experimenta la diferencia de un servicio de Enmarcaci\u00f3n que combina la rapidez , la eficacia y la creatividad en cada detalle. Perm\u00edtenos resaltar tus recuerdos y obras de arte de una manera que te llene de orgullo.<\/div><div dir=\"auto\">\u00a0<\/div><div dir=\"auto\" style=\"text-align: justify;\">Estamos decididos a superar tus expectativas en cada enmarcaci\u00f3n. Nuestra combinaci\u00f3n de rapidez, eficacia y creatividad nos distingue como la elecci\u00f3n preferida de nuestros clientes.<\/div><div dir=\"auto\">\u00a0<\/div><div dir=\"auto\" style=\"text-align: justify;\">\u00a1Esperamos verte pronto y comenzar a enmarcar tus tesoros de manera excepcional!<\/div><\/div>\t\t\t\t\t\t\t\t<\/div>\n\t\t\t\t<\/div>\n\t\t\t\t<div class=\"elementor-element elementor-element-783fe32 cmsmasters-block-default cmsmasters-sticky-default elementor-widget elementor-widget-image\" data-id=\"783fe32\" data-element_type=\"widget\" data-widget_type=\"image.default\">\n\t\t\t\t<div class=\"elementor-widget-container\">\n\t\t\t\t\t\t\t\t\t\t\t\t\t\t\t<img fetchpriority=\"high\" decoding=\"async\" width=\"710\" height=\"801\" src=\"https:\/\/enmarcacionesviuda.com\/wp-content\/uploads\/2025\/05\/homeviuda.png\" class=\"attachment-full size-full wp-image-36507\" alt=\"Enmarcaciones Viuda\" srcset=\"https:\/\/enmarcacionesviuda.com\/wp-content\/uploads\/2025\/05\/homeviuda.png 710w, https:\/\/enmarcacionesviuda.com\/wp-content\/uploads\/2025\/05\/homeviuda-266x300.png 266w, https:\/\/enmarcacionesviuda.com\/wp-content\/uploads\/2025\/05\/homeviuda-600x677.png 600w\" sizes=\"(max-width: 710px) 100vw, 710px\" \/>\t\t\t\t\t\t\t\t\t\t\t\t\t\t\t<\/div>\n\t\t\t\t<\/div>\n\t\t\t\t<\/div>\n\t\t\t\t\t<\/div>\n\t\t\t\t<\/div>\n\t\t<div class=\"elementor-element elementor-element-cd55b4c e-con-full e-flex cmsmasters-block-default e-con e-parent\" data-id=\"cd55b4c\" data-element_type=\"container\">\n\t\t\t\t<div class=\"elementor-element elementor-element-b6751f3 elementor-widget__width-initial elementor-widget-tablet__width-inherit cmsmasters-block-default cmsmasters-sticky-default elementor-widget elementor-widget-image\" data-id=\"b6751f3\" data-element_type=\"widget\" data-widget_type=\"image.default\">\n\t\t\t\t<div class=\"elementor-widget-container\">\n\t\t\t\t\t\t\t\t\t\t\t\t\t\t\t<img decoding=\"async\" width=\"1227\" height=\"817\" src=\"https:\/\/enmarcacionesviuda.com\/wp-content\/uploads\/2025\/05\/imgviuda.png\" class=\"attachment-full size-full wp-image-36541\" alt=\"Mostrador\" srcset=\"https:\/\/enmarcacionesviuda.com\/wp-content\/uploads\/2025\/05\/imgviuda.png 1227w, https:\/\/enmarcacionesviuda.com\/wp-content\/uploads\/2025\/05\/imgviuda-300x200.png 300w, https:\/\/enmarcacionesviuda.com\/wp-content\/uploads\/2025\/05\/imgviuda-1024x682.png 1024w, https:\/\/enmarcacionesviuda.com\/wp-content\/uploads\/2025\/05\/imgviuda-768x511.png 768w, https:\/\/enmarcacionesviuda.com\/wp-content\/uploads\/2025\/05\/imgviuda-451x300.png 451w, https:\/\/enmarcacionesviuda.com\/wp-content\/uploads\/2025\/05\/imgviuda-600x400.png 600w\" sizes=\"(max-width: 1227px) 100vw, 1227px\" \/>\t\t\t\t\t\t\t\t\t\t\t\t\t\t\t<\/div>\n\t\t\t\t<\/div>\n\t\t<div class=\"elementor-element elementor-element-eb1885e e-con-full e-flex cmsmasters-block-default e-con e-child\" data-id=\"eb1885e\" data-element_type=\"container\" data-settings=\"{&quot;background_background&quot;:&quot;classic&quot;}\">\n\t\t<div class=\"elementor-element elementor-element-beb39ce e-flex e-con-boxed cmsmasters-block-default e-con e-child\" data-id=\"beb39ce\" data-element_type=\"container\">\n\t\t\t\t\t<div class=\"e-con-inner\">\n\t\t\t\t<div class=\"elementor-element elementor-element-5713807 cmsmasters-block-default cmsmasters-sticky-default elementor-widget elementor-widget-heading\" data-id=\"5713807\" data-element_type=\"widget\" data-widget_type=\"heading.default\">\n\t\t\t\t<div class=\"elementor-widget-container\">\n\t\t\t\t\t<h3 class=\"elementor-heading-title elementor-size-default\">M\u00e1s de 30 a\u00f1os enmarcando emociones y momentos<\/h3>\t\t\t\t<\/div>\n\t\t\t\t<\/div>\n\t\t\t\t<div class=\"elementor-element elementor-element-e719bc2 cmsmasters-block-default cmsmasters-sticky-default elementor-widget elementor-widget-heading\" data-id=\"e719bc2\" data-element_type=\"widget\" data-widget_type=\"heading.default\">\n\t\t\t\t<div class=\"elementor-widget-container\">\n\t\t\t\t\t<h2 class=\"elementor-heading-title elementor-size-default\">Cada marco, una historia que contar<\/h2>\t\t\t\t<\/div>\n\t\t\t\t<\/div>\n\t\t\t\t<div class=\"elementor-element elementor-element-b29e293 elementor-align-center cmsmasters-block-default cmsmasters-sticky-default elementor-widget elementor-widget-button\" data-id=\"b29e293\" data-element_type=\"widget\" data-widget_type=\"button.default\">\n\t\t\t\t<div class=\"elementor-widget-container\">\n\t\t\t\t\t\t\t\t\t<div class=\"elementor-button-wrapper\">\n\t\t\t\t\t<a class=\"elementor-button elementor-button-link elementor-size-sm\" href=\"\/en\/contacto\/\">\n\t\t\t\t\t\t<span class=\"elementor-button-content-wrapper\">\n\t\t\t\t\t\t\t\t\t<span class=\"elementor-button-text\">Contacto<\/span>\n\t\t\t\t\t<\/span>\n\t\t\t\t\t<\/a>\n\t\t\t\t<\/div>\n\t\t\t\t\t\t\t\t<\/div>\n\t\t\t\t<\/div>\n\t\t\t\t\t<\/div>\n\t\t\t\t<\/div>\n\t\t\t\t<\/div>\n\t\t\t\t<\/div>\n\t\t<div class=\"elementor-element elementor-element-a1b9837 e-flex e-con-boxed cmsmasters-block-default e-con e-parent\" data-id=\"a1b9837\" data-element_type=\"container\">\n\t\t\t\t\t<div class=\"e-con-inner\">\n\t\t\t\t<div class=\"elementor-element elementor-element-25060a1 cmsmasters-block-default cmsmasters-sticky-default elementor-widget elementor-widget-image\" data-id=\"25060a1\" data-element_type=\"widget\" data-widget_type=\"image.default\">\n\t\t\t\t<div class=\"elementor-widget-container\">\n\t\t\t\t\t\t\t\t\t\t\t\t\t\t\t<img decoding=\"async\" width=\"2560\" height=\"239\" src=\"https:\/\/enmarcacionesviuda.com\/wp-content\/uploads\/2025\/05\/logoskd-scaled.png\" class=\"attachment-full size-full wp-image-36645\" alt=\"Kit Digital\" srcset=\"https:\/\/enmarcacionesviuda.com\/wp-content\/uploads\/2025\/05\/logoskd-scaled.png 2560w, https:\/\/enmarcacionesviuda.com\/wp-content\/uploads\/2025\/05\/logoskd-300x28.png 300w, https:\/\/enmarcacionesviuda.com\/wp-content\/uploads\/2025\/05\/logoskd-1024x95.png 1024w, https:\/\/enmarcacionesviuda.com\/wp-content\/uploads\/2025\/05\/logoskd-768x72.png 768w, https:\/\/enmarcacionesviuda.com\/wp-content\/uploads\/2025\/05\/logoskd-1536x143.png 1536w, https:\/\/enmarcacionesviuda.com\/wp-content\/uploads\/2025\/05\/logoskd-2048x191.png 2048w, https:\/\/enmarcacionesviuda.com\/wp-content\/uploads\/2025\/05\/logoskd-860x80.png 860w, https:\/\/enmarcacionesviuda.com\/wp-content\/uploads\/2025\/05\/logoskd-500x47.png 500w, https:\/\/enmarcacionesviuda.com\/wp-content\/uploads\/2025\/05\/logoskd-800x75.png 800w, https:\/\/enmarcacionesviuda.com\/wp-content\/uploads\/2025\/05\/logoskd-1280x119.png 1280w, https:\/\/enmarcacionesviuda.com\/wp-content\/uploads\/2025\/05\/logoskd-1920x179.png 1920w, https:\/\/enmarcacionesviuda.com\/wp-content\/uploads\/2025\/05\/logoskd-600x56.png 600w\" sizes=\"(max-width: 2560px) 100vw, 2560px\" \/>\t\t\t\t\t\t\t\t\t\t\t\t\t\t\t<\/div>\n\t\t\t\t<\/div>\n\t\t\t\t\t<\/div>\n\t\t\t\t<\/div>\n\t\t\t\t<\/div>","protected":false},"excerpt":{"rendered":"<p>Enmarcaciones Viuda En Enmarcaciones Viuda, nos enorgullece ofrecer a nuestros clientes un servicio de Enmarcaci\u00f3n excepcional. Nos hemos ganado una reputaci\u00f3n s\u00f3lida por nuestra rapidez y eficacia en el proceso de enmarcado, adem\u00e1s de un enfoque creativo que garantiza que tus recuerdos y obras de arte se presenten de la mejor manera posible.\u00a0Entendemos lo importante&#8230;<\/p>","protected":false},"author":1,"featured_media":0,"parent":0,"menu_order":0,"comment_status":"closed","ping_status":"closed","template":"","meta":{"_acf_changed":false,"_vp_format_video_url":"","_vp_image_focal_point":[],"footnotes":""},"class_list":["post-34744","page","type-page","status-publish","hentry"],"acf":[],"yoast_head":"<!-- This site is optimized with the Yoast SEO plugin v26.2 - https:\/\/yoast.com\/wordpress\/plugins\/seo\/ -->\n<title>Enmarcaciones Viuda<\/title>\n<meta name=\"description\" content=\"Enmarcaciones Viuda en Torrevieja ofrece enmarcaciones personalizadas con rapidez, eficacia y creatividad. Realza tus recuerdos y obras de arte con nuestro servicio profesional.\" \/>\n<meta name=\"robots\" content=\"index, follow, max-snippet:-1, max-image-preview:large, max-video-preview:-1\" \/>\n<link rel=\"canonical\" href=\"https:\/\/enmarcacionesviuda.com\/en\/\" \/>\n<meta property=\"og:locale\" content=\"en_GB\" \/>\n<meta property=\"og:type\" content=\"article\" \/>\n<meta property=\"og:title\" content=\"Enmarcaciones Viuda\" \/>\n<meta property=\"og:description\" content=\"Enmarcaciones Viuda en Torrevieja ofrece enmarcaciones personalizadas con rapidez, eficacia y creatividad. Realza tus recuerdos y obras de arte con nuestro servicio profesional.\" \/>\n<meta property=\"og:url\" content=\"https:\/\/enmarcacionesviuda.com\/en\/\" \/>\n<meta property=\"og:site_name\" content=\"Enmarcaciones Viuda\" \/>\n<meta property=\"article:modified_time\" content=\"2025-05-30T09:10:33+00:00\" \/>\n<meta property=\"og:image\" content=\"https:\/\/enmarcacionesviuda.com\/wp-content\/uploads\/2025\/05\/homeviuda.png\" \/>\n<meta name=\"twitter:card\" content=\"summary_large_image\" \/>\n<meta name=\"twitter:label1\" content=\"Estimated reading time\" \/>\n\t<meta name=\"twitter:data1\" content=\"2 minutes\" \/>\n<script type=\"application\/ld+json\" class=\"yoast-schema-graph\">{\"@context\":\"https:\/\/schema.org\",\"@graph\":[{\"@type\":\"WebPage\",\"@id\":\"https:\/\/enmarcacionesviuda.com\/\",\"url\":\"https:\/\/enmarcacionesviuda.com\/\",\"name\":\"Enmarcaciones Viuda\",\"isPartOf\":{\"@id\":\"https:\/\/enmarcacionesviuda.com\/#website\"},\"primaryImageOfPage\":{\"@id\":\"https:\/\/enmarcacionesviuda.com\/#primaryimage\"},\"image\":{\"@id\":\"https:\/\/enmarcacionesviuda.com\/#primaryimage\"},\"thumbnailUrl\":\"https:\/\/enmarcacionesviuda.com\/wp-content\/uploads\/2025\/05\/homeviuda.png\",\"datePublished\":\"2024-04-07T10:17:19+00:00\",\"dateModified\":\"2025-05-30T09:10:33+00:00\",\"description\":\"Enmarcaciones Viuda en Torrevieja ofrece enmarcaciones personalizadas con rapidez, eficacia y creatividad. Realza tus recuerdos y obras de arte con nuestro servicio profesional.\",\"breadcrumb\":{\"@id\":\"https:\/\/enmarcacionesviuda.com\/#breadcrumb\"},\"inLanguage\":\"en-GB\",\"potentialAction\":[{\"@type\":\"ReadAction\",\"target\":[\"https:\/\/enmarcacionesviuda.com\/\"]}]},{\"@type\":\"ImageObject\",\"inLanguage\":\"en-GB\",\"@id\":\"https:\/\/enmarcacionesviuda.com\/#primaryimage\",\"url\":\"https:\/\/enmarcacionesviuda.com\/wp-content\/uploads\/2025\/05\/homeviuda.png\",\"contentUrl\":\"https:\/\/enmarcacionesviuda.com\/wp-content\/uploads\/2025\/05\/homeviuda.png\"},{\"@type\":\"BreadcrumbList\",\"@id\":\"https:\/\/enmarcacionesviuda.com\/#breadcrumb\",\"itemListElement\":[{\"@type\":\"ListItem\",\"position\":1,\"name\":\"Portada\",\"item\":\"https:\/\/enmarcacionesviuda.com\/\"},{\"@type\":\"ListItem\",\"position\":2,\"name\":\"Inicio\"}]},{\"@type\":\"WebSite\",\"@id\":\"https:\/\/enmarcacionesviuda.com\/#website\",\"url\":\"https:\/\/enmarcacionesviuda.com\/\",\"name\":\"Enmarcaciones Viuda\",\"description\":\"\",\"publisher\":{\"@id\":\"https:\/\/enmarcacionesviuda.com\/#organization\"},\"potentialAction\":[{\"@type\":\"SearchAction\",\"target\":{\"@type\":\"EntryPoint\",\"urlTemplate\":\"https:\/\/enmarcacionesviuda.com\/?s={search_term_string}\"},\"query-input\":{\"@type\":\"PropertyValueSpecification\",\"valueRequired\":true,\"valueName\":\"search_term_string\"}}],\"inLanguage\":\"en-GB\"},{\"@type\":\"Organization\",\"@id\":\"https:\/\/enmarcacionesviuda.com\/#organization\",\"name\":\"Enmarcaciones Viuda\",\"url\":\"https:\/\/enmarcacionesviuda.com\/\",\"logo\":{\"@type\":\"ImageObject\",\"inLanguage\":\"en-GB\",\"@id\":\"https:\/\/enmarcacionesviuda.com\/#\/schema\/logo\/image\/\",\"url\":\"https:\/\/enmarcacionesviuda.com\/wp-content\/uploads\/2025\/05\/logoedit.png\",\"contentUrl\":\"https:\/\/enmarcacionesviuda.com\/wp-content\/uploads\/2025\/05\/logoedit.png\",\"width\":200,\"height\":96,\"caption\":\"Enmarcaciones Viuda\"},\"image\":{\"@id\":\"https:\/\/enmarcacionesviuda.com\/#\/schema\/logo\/image\/\"}}]}<\/script>\n<!-- \/ Yoast SEO plugin. -->","yoast_head_json":{"title":"Enmarcaciones Viuda","description":"Enmarcaciones Viuda en Torrevieja ofrece enmarcaciones personalizadas con rapidez, eficacia y creatividad. Realza tus recuerdos y obras de arte con nuestro servicio profesional.","robots":{"index":"index","follow":"follow","max-snippet":"max-snippet:-1","max-image-preview":"max-image-preview:large","max-video-preview":"max-video-preview:-1"},"canonical":"https:\/\/enmarcacionesviuda.com\/en\/","og_locale":"en_GB","og_type":"article","og_title":"Enmarcaciones Viuda","og_description":"Enmarcaciones Viuda en Torrevieja ofrece enmarcaciones personalizadas con rapidez, eficacia y creatividad. Realza tus recuerdos y obras de arte con nuestro servicio profesional.","og_url":"https:\/\/enmarcacionesviuda.com\/en\/","og_site_name":"Enmarcaciones Viuda","article_modified_time":"2025-05-30T09:10:33+00:00","og_image":[{"url":"https:\/\/enmarcacionesviuda.com\/wp-content\/uploads\/2025\/05\/homeviuda.png","type":"","width":"","height":""}],"twitter_card":"summary_large_image","twitter_misc":{"Estimated reading time":"2 minutes"},"schema":{"@context":"https:\/\/schema.org","@graph":[{"@type":"WebPage","@id":"https:\/\/enmarcacionesviuda.com\/","url":"https:\/\/enmarcacionesviuda.com\/","name":"Enmarcaciones Viuda","isPartOf":{"@id":"https:\/\/enmarcacionesviuda.com\/#website"},"primaryImageOfPage":{"@id":"https:\/\/enmarcacionesviuda.com\/#primaryimage"},"image":{"@id":"https:\/\/enmarcacionesviuda.com\/#primaryimage"},"thumbnailUrl":"https:\/\/enmarcacionesviuda.com\/wp-content\/uploads\/2025\/05\/homeviuda.png","datePublished":"2024-04-07T10:17:19+00:00","dateModified":"2025-05-30T09:10:33+00:00","description":"Enmarcaciones Viuda en Torrevieja ofrece enmarcaciones personalizadas con rapidez, eficacia y creatividad. Realza tus recuerdos y obras de arte con nuestro servicio profesional.","breadcrumb":{"@id":"https:\/\/enmarcacionesviuda.com\/#breadcrumb"},"inLanguage":"en-GB","potentialAction":[{"@type":"ReadAction","target":["https:\/\/enmarcacionesviuda.com\/"]}]},{"@type":"ImageObject","inLanguage":"en-GB","@id":"https:\/\/enmarcacionesviuda.com\/#primaryimage","url":"https:\/\/enmarcacionesviuda.com\/wp-content\/uploads\/2025\/05\/homeviuda.png","contentUrl":"https:\/\/enmarcacionesviuda.com\/wp-content\/uploads\/2025\/05\/homeviuda.png"},{"@type":"BreadcrumbList","@id":"https:\/\/enmarcacionesviuda.com\/#breadcrumb","itemListElement":[{"@type":"ListItem","position":1,"name":"Portada","item":"https:\/\/enmarcacionesviuda.com\/"},{"@type":"ListItem","position":2,"name":"Inicio"}]},{"@type":"WebSite","@id":"https:\/\/enmarcacionesviuda.com\/#website","url":"https:\/\/enmarcacionesviuda.com\/","name":"Enmarcaciones Viuda","description":"","publisher":{"@id":"https:\/\/enmarcacionesviuda.com\/#organization"},"potentialAction":[{"@type":"SearchAction","target":{"@type":"EntryPoint","urlTemplate":"https:\/\/enmarcacionesviuda.com\/?s={search_term_string}"},"query-input":{"@type":"PropertyValueSpecification","valueRequired":true,"valueName":"search_term_string"}}],"inLanguage":"en-GB"},{"@type":"Organization","@id":"https:\/\/enmarcacionesviuda.com\/#organization","name":"Enmarcaciones Viuda","url":"https:\/\/enmarcacionesviuda.com\/","logo":{"@type":"ImageObject","inLanguage":"en-GB","@id":"https:\/\/enmarcacionesviuda.com\/#\/schema\/logo\/image\/","url":"https:\/\/enmarcacionesviuda.com\/wp-content\/uploads\/2025\/05\/logoedit.png","contentUrl":"https:\/\/enmarcacionesviuda.com\/wp-content\/uploads\/2025\/05\/logoedit.png","width":200,"height":96,"caption":"Enmarcaciones Viuda"},"image":{"@id":"https:\/\/enmarcacionesviuda.com\/#\/schema\/logo\/image\/"}}]}},"_links":{"self":[{"href":"https:\/\/enmarcacionesviuda.com\/en\/wp-json\/wp\/v2\/pages\/34744","targetHints":{"allow":["GET"]}}],"collection":[{"href":"https:\/\/enmarcacionesviuda.com\/en\/wp-json\/wp\/v2\/pages"}],"about":[{"href":"https:\/\/enmarcacionesviuda.com\/en\/wp-json\/wp\/v2\/types\/page"}],"author":[{"embeddable":true,"href":"https:\/\/enmarcacionesviuda.com\/en\/wp-json\/wp\/v2\/users\/1"}],"replies":[{"embeddable":true,"href":"https:\/\/enmarcacionesviuda.com\/en\/wp-json\/wp\/v2\/comments?post=34744"}],"version-history":[{"count":47,"href":"https:\/\/enmarcacionesviuda.com\/en\/wp-json\/wp\/v2\/pages\/34744\/revisions"}],"predecessor-version":[{"id":36710,"href":"https:\/\/enmarcacionesviuda.com\/en\/wp-json\/wp\/v2\/pages\/34744\/revisions\/36710"}],"wp:attachment":[{"href":"https:\/\/enmarcacionesviuda.com\/en\/wp-json\/wp\/v2\/media?parent=34744"}],"curies":[{"name":"wp","href":"https:\/\/api.w.org\/{rel}","templated":true}]}}